{"id":10021,"date":"2022-03-17T16:04:37","date_gmt":"2022-03-17T15:04:37","guid":{"rendered":"https:\/\/www.nicolaus.sk\/?page_id=10021"},"modified":"2025-08-21T15:54:06","modified_gmt":"2025-08-21T13:54:06","slug":"contact","status":"publish","type":"page","link":"https:\/\/www.nicolaus.sk\/en\/contact\/","title":{"rendered":"Contact"},"content":{"rendered":"<header class=\"header-plain\">\r\n    <section class=\"section-breadcrumbs\">\r\n    <div class=\"container\">\r\n        <ul class=\"breadcrumb\">\r\n            <li><a href=\"https:\/\/www.nicolaus.sk\/en\/\">Home page<\/a><\/li>\r\n                            <li><a href=\"https:\/\/www.nicolaus.sk\/en\/contact\/\">Contact<\/a><\/li>\r\n                    <\/ul>\r\n    <\/div>\r\n<\/section>    <div class=\"container\">\r\n        <div class=\"row\">\r\n            <div class=\"col\">\r\n                <div class=\"text-left\">\r\n                                        <h1 class=\"font-weight-normal\">Contacts<\/h1>\r\n                <\/div>\r\n            <\/div>\r\n        <\/div>\r\n    <\/div>\r\n<\/header>\r\n\n\n<section class=\"page-contact\">\r\n    <div class=\"container\">\r\n\r\n        \r\n        <div class=\"row\">\r\n                                <div class=\"col-md-6 col-lg-3\">\r\n                        <div class=\"item-contact\">\r\n                            <div class=\"icon\">\r\n                                <i class=\"icon-mail\"><\/i>\r\n                            <\/div>\r\n                            <h3>Retail<\/h3>\r\n                            <a class=\"btn-mail\" href=\"mailto:retail@nicolaus.sk\">retail@nicolaus.sk<\/a>\r\n                        <\/div>\r\n                    <\/div>\r\n                                    <div class=\"col-md-6 col-lg-3\">\r\n                        <div class=\"item-contact\">\r\n                            <div class=\"icon\">\r\n                                <i class=\"icon-mail\"><\/i>\r\n                            <\/div>\r\n                            <h3>Horeca<\/h3>\r\n                            <a class=\"btn-mail\" href=\"mailto:horeca@nicolaus.sk\">horeca@nicolaus.sk<\/a>\r\n                        <\/div>\r\n                    <\/div>\r\n                                    <div class=\"col-md-6 col-lg-3\">\r\n                        <div class=\"item-contact\">\r\n                            <div class=\"icon\">\r\n                                <i class=\"icon-mail\"><\/i>\r\n                            <\/div>\r\n                            <h3>Import\/Export<\/h3>\r\n                            <a class=\"btn-mail\" href=\"mailto:international@nicolaus.sk\">international@nicolaus.sk<\/a>\r\n                        <\/div>\r\n                    <\/div>\r\n                                    <div class=\"col-md-6 col-lg-3\">\r\n                        <div class=\"item-contact\">\r\n                            <div class=\"icon\">\r\n                                <i class=\"icon-mail\"><\/i>\r\n                            <\/div>\r\n                            <h3>Private Label<\/h3>\r\n                            <a class=\"btn-mail\" href=\"mailto:privatelabel@nicolaus.sk\">privatelabel@nicolaus.sk<\/a>\r\n                        <\/div>\r\n                    <\/div>\r\n                                    <div class=\"col-md-6 col-lg-3\">\r\n                        <div class=\"item-contact\">\r\n                            <div class=\"icon\">\r\n                                <i class=\"icon-mail\"><\/i>\r\n                            <\/div>\r\n                            <h3>Partnerships<\/h3>\r\n                            <a class=\"btn-mail\" href=\"mailto:spolupraca@nicolaus.sk\">spolupraca@nicolaus.sk<\/a>\r\n                        <\/div>\r\n                    <\/div>\r\n                                    <div class=\"col-md-6 col-lg-3\">\r\n                        <div class=\"item-contact\">\r\n                            <div class=\"icon\">\r\n                                <i class=\"icon-mail\"><\/i>\r\n                            <\/div>\r\n                            <h3>Marketing<\/h3>\r\n                            <a class=\"btn-mail\" href=\"mailto:marketing@nicolaus.sk\">marketing@nicolaus.sk<\/a>\r\n                        <\/div>\r\n                    <\/div>\r\n                                    <div class=\"col-md-6 col-lg-3\">\r\n                        <div class=\"item-contact\">\r\n                            <div class=\"icon\">\r\n                                <i class=\"icon-mail\"><\/i>\r\n                            <\/div>\r\n                            <h3>Media<\/h3>\r\n                            <a class=\"btn-mail\" href=\"mailto:media@nicolaus.sk\">media@nicolaus.sk<\/a>\r\n                        <\/div>\r\n                    <\/div>\r\n                        <\/div>\r\n\r\n        <hr>\r\n\r\n        <div class=\"row\">\r\n                                <div class=\"col-md-6 col-lg-3\">\r\n                        <div class=\"item-contact\">\r\n                                                            <div class=\"icon\">\r\n                                    <img\r\n                                        src=\"https:\/\/www.nicolaus.sk\/wp-content\/uploads\/2021\/10\/sud.svg\"\r\n                                        alt=\"ST. Nicolaus\">\r\n                                <\/div>\r\n                                                        <h3>Distributor<\/h3>\r\n                            <div class=\"name\">ST. NICOLAUS Group a.s. <\/div>\r\n                            <div class=\"address\">\r\n                                Trnavsk\u00e1 cesta 100,<br \/>\r\n821 01 Bratislava                            <\/div>\r\n                            <a class=\"btn-map\" href=\"https:\/\/www.google.com\/maps\/@48.165111,17.155194,15z?hl=sk-SK\">Show on the map<\/a>\r\n                                                            <a class=\"icon-contact\" href=\"tel:+421222124100\">\r\n                                    <i class=\"icon-phone\"><\/i> +421 2 221 24 100                                <\/a>\r\n                                                                                <\/div>\r\n                    <\/div>\r\n                                    <div class=\"col-md-6 col-lg-3\">\r\n                        <div class=\"item-contact\">\r\n                                                            <div class=\"icon\">\r\n                                    <img\r\n                                        src=\"https:\/\/www.nicolaus.sk\/wp-content\/uploads\/2021\/10\/palenica.svg\"\r\n                                        alt=\"ST. Nicolaus\">\r\n                                <\/div>\r\n                                                        <h3>Production company <\/h3>\r\n                            <div class=\"name\">ST. NICOLAUS Group a.s. <\/div>\r\n                            <div class=\"address\">\r\n                                1. m\u00e1ja 113, <br \/>\r\n031 28 Liptovsk\u00fd Mikul\u00e1\u0161                            <\/div>\r\n                            <a class=\"btn-map\" href=\"https:\/\/www.google.com\/maps?ll=49.079554,19.631276&#038;z=15&#038;t=m&#038;hl=sk-SK&#038;gl=SK&#038;mapclient=embed&#038;q=1.+m%C3%A1ja+1913\/113+031+01+Liptovsk%C3%BD+Mikul%C3%A1%C5%A1\">Show on the map<\/a>\r\n                                                            <a class=\"icon-contact\" href=\"tel:+421445520335\">\r\n                                    <i class=\"icon-phone\"><\/i> +421 44 55 20 335                                <\/a>\r\n                                                                                <\/div>\r\n                    <\/div>\r\n                                    <div class=\"col-md-6 col-lg-3\">\r\n                        <div class=\"item-contact\">\r\n                                                            <div class=\"icon\">\r\n                                    <img\r\n                                        src=\"https:\/\/www.nicolaus.sk\/wp-content\/uploads\/2021\/10\/palenica.svg\"\r\n                                        alt=\"ST. Nicolaus\">\r\n                                <\/div>\r\n                                                        <h3>Production company <\/h3>\r\n                            <div class=\"name\">Slovensk\u00e9 liehovary a lik\u00e9rky, a.s.<\/div>\r\n                            <div class=\"address\">\r\n                                Trnavsk\u00e1 cesta, <br \/>\r\n920 41 Leopoldov                            <\/div>\r\n                            <a class=\"btn-map\" href=\"https:\/\/www.google.com\/maps?ll=48.437667,17.754639&#038;z=16&#038;t=m&#038;hl=sk-SK&#038;gl=SK&#038;mapclient=embed\">Show on the map<\/a>\r\n                                                            <a class=\"icon-contact\" href=\"tel:+421337352102\">\r\n                                    <i class=\"icon-phone\"><\/i> +421 33 73 52 102                                <\/a>\r\n                                                                                <\/div>\r\n                    <\/div>\r\n                                    <div class=\"col-md-6 col-lg-3\">\r\n                        <div class=\"item-contact\">\r\n                                                            <div class=\"icon\">\r\n                                    <img\r\n                                        src=\"https:\/\/www.nicolaus.sk\/wp-content\/uploads\/2021\/10\/palenica.svg\"\r\n                                        alt=\"ST. Nicolaus\">\r\n                                <\/div>\r\n                                                        <h3>Production company <\/h3>\r\n                            <div class=\"name\">V\u00c1RDA-DRINK ZRT.<\/div>\r\n                            <div class=\"address\">\r\n                                4600 Kisv\u00e1rda, Temesv\u00e1ri u. 4.                            <\/div>\r\n                            <a class=\"btn-map\" href=\"https:\/\/www.google.com\/maps\/place\/Kisv%C3%A1rda,+Temesv%C3%A1ri+u.+4,+4600+Ma%C4%8Farsko\/data=!4m2!3m1!1s0x4738ed1f9b557379:0xb35ac142ca8b617?sa=X&#038;ved=2ahUKEwjror6w2b74AhWQDuwKHT0FBUgQ8gF6BAgWEAE\">Show on the map<\/a>\r\n                                                            <a class=\"icon-contact\" href=\"tel:+3645500400\">\r\n                                    <i class=\"icon-phone\"><\/i> +36 45 500 400                                <\/a>\r\n                                                                                        <a class=\"icon-contact\" href=\"mailto:vdrink@vardadrink.hu\">\r\n                                    <i class=\"icon-mail\"><\/i> vdrink@vardadrink.hu                                <\/a>\r\n                                                    <\/div>\r\n                    <\/div>\r\n                    <\/div>\r\n<\/section>\n\n<section class=\"section-contact-button\">\r\n    <div class=\"bg\">\r\n                    <img\r\n                src=\"https:\/\/www.nicolaus.sk\/wp-content\/uploads\/2021\/10\/contact-button-bg@2x-1440x263.png\"\r\n                srcset=\"https:\/\/www.nicolaus.sk\/wp-content\/uploads\/2021\/10\/contact-button-bg@2x-1440x263.png 1x, https:\/\/www.nicolaus.sk\/wp-content\/uploads\/2021\/10\/contact-button-bg@2x.png 2x\"\r\n                alt=\"ST. Nicolaus\">\r\n            <\/div>\r\n    <div class=\"container\">\r\n        <div class=\"inner\">\r\n            <div class=\"row\">\r\n                <div class=\"col\">\r\n                                            <img\r\n                            src=\"https:\/\/www.nicolaus.sk\/wp-content\/uploads\/2021\/10\/contact-button-image.svg\"\r\n                            alt=\"ST. Nicolaus\">\r\n                                        <div class=\"action\">\r\n                                <a class=\"btn btn-outline-primary light\" href=\"https:\/\/www.nicolaus.sk\/en\/company-stores\/\" target=\"_self\">View all company stores <\/a>\r\n                        <\/div>\r\n                <\/div>\r\n            <\/div>\r\n        <\/div>\r\n    <\/div>\r\n<\/section>\n\n\r\n<section class=\"section-contact-form dark\">\r\n\r\n            <div class=\"bg\">\r\n            <img\r\n                src=\"https:\/\/www.nicolaus.sk\/wp-content\/uploads\/2021\/10\/contact-form-bg-391x781.png\"\r\n                srcset=\"https:\/\/www.nicolaus.sk\/wp-content\/uploads\/2021\/10\/contact-form-bg-391x781.png 1x, https:\/\/www.nicolaus.sk\/wp-content\/uploads\/2021\/10\/contact-form-bg-782x1561.png 2x\"\r\n                alt=\"ST. Nicolaus\">\r\n        <\/div>\r\n    \r\n    <div class=\"container\">\r\n        \r\n        <div class=\"text-center\">\r\n            <h2>Contact us<\/h2>\r\n        <\/div>\r\n        \r\n        <div class=\"form-box\">\r\n            \n<div class=\"wpcf7 no-js\" id=\"wpcf7-f3605-o1\" lang=\"sk-SK\" dir=\"ltr\">\n<div class=\"screen-reader-response\"><p role=\"status\" aria-live=\"polite\" aria-atomic=\"true\"><\/p> <ul><\/ul><\/div>\n<form action=\"\/en\/wp-json\/wp\/v2\/pages\/10021#wpcf7-f3605-o1\" method=\"post\" class=\"wpcf7-form init row\" aria-label=\"Contact form\" novalidate=\"novalidate\" data-status=\"init\">\n<div style=\"display: none;\">\n<input type=\"hidden\" name=\"_wpcf7\" value=\"3605\" \/>\n<input type=\"hidden\" name=\"_wpcf7_version\" value=\"5.8.2\" \/>\n<input type=\"hidden\" name=\"_wpcf7_locale\" value=\"sk_SK\" \/>\n<input type=\"hidden\" name=\"_wpcf7_unit_tag\" value=\"wpcf7-f3605-o1\" \/>\n<input type=\"hidden\" name=\"_wpcf7_container_post\" value=\"0\" \/>\n<input type=\"hidden\" name=\"_wpcf7_posted_data_hash\" value=\"\" \/>\n<input type=\"hidden\" name=\"_wpcf7_recaptcha_response\" value=\"\" \/>\n<\/div>\n<div class=\"col-sm-6\">\n    <span class=\"wpcf7-form-control-wrap\" data-name=\"your-name\"><input size=\"40\" class=\"wpcf7-form-control wpcf7-text wpcf7-validates-as-required form-control\" aria-required=\"true\" aria-invalid=\"false\" placeholder=\"Your Name*\" value=\"\" type=\"text\" name=\"your-name\" \/><\/span>\n<\/div>\n<div class=\"col-sm-6\">\n    <span class=\"wpcf7-form-control-wrap\" data-name=\"your-email\"><input size=\"40\" class=\"wpcf7-form-control wpcf7-email wpcf7-validates-as-required wpcf7-text wpcf7-validates-as-email form-control\" aria-required=\"true\" aria-invalid=\"false\" placeholder=\"Your Email*\" value=\"\" type=\"email\" name=\"your-email\" \/><\/span>\n<\/div>\n<div class=\"col-sm-12\">\n    <span class=\"wpcf7-form-control-wrap\" data-name=\"your-subject\"><input size=\"40\" class=\"wpcf7-form-control wpcf7-text wpcf7-validates-as-required form-control\" aria-required=\"true\" aria-invalid=\"false\" placeholder=\"Subject*\" value=\"\" type=\"text\" name=\"your-subject\" \/><\/span>\n<\/div>\n<div class=\"col-sm-12\">\n    <span class=\"wpcf7-form-control-wrap\" data-name=\"your-message\"><textarea cols=\"40\" rows=\"10\" class=\"wpcf7-form-control wpcf7-textarea wpcf7-validates-as-required form-control\" aria-required=\"true\" aria-invalid=\"false\" placeholder=\"Your Message*\" name=\"your-message\"><\/textarea><\/span>\n<\/div>\n<div class=\"col-12\">\n    <div class=\"wpcf7-form-check\">\n        <span class=\"wpcf7-form-control-wrap\" data-name=\"acceptance-checkbox\"><span class=\"wpcf7-form-control wpcf7-acceptance\"><span class=\"wpcf7-list-item\"><label><input type=\"checkbox\" name=\"acceptance-checkbox\" value=\"1\" aria-invalid=\"false\" \/><span class=\"wpcf7-list-item-label\">I agree to the processing of <a href=\"#\">personal data<\/a>. Your personal data is safe with us and will be processed in accordance with our memorandum. *<\/span><\/label><\/span><\/span><\/span>\n    <\/div>\n    <div class=\"recaptcha-info\">This site is protected by reCAPTCHA and the Google\n       <a href=\"https:\/\/policies.google.com\/privacy\">Privacy Policy<\/a> and\n       <a href=\"https:\/\/policies.google.com\/terms\">Terms of Service<\/a> apply.\n    <\/div>\n<\/div>\n<div class=\"col-12 text-center\">\n[anr_nocaptcha g-recaptcha-response]\n    <div class=\"action\">\n         <input class=\"wpcf7-form-control wpcf7-submit has-spinner btn btn-outline-secondary\" type=\"submit\" value=\"Send\" \/>\n    <\/div>\n<\/div><div class=\"wpcf7-response-output\" aria-hidden=\"true\"><\/div>\n<\/form>\n<\/div>\n        <\/div>\r\n\r\n    <\/div>\r\n<\/section>","protected":false},"excerpt":{"rendered":"","protected":false},"author":4,"featured_media":0,"parent":0,"menu_order":3,"comment_status":"closed","ping_status":"closed","template":"templates\/contact.php","meta":{"inline_featured_image":false,"footnotes":""},"acf":[],"yoast_head":"<!-- This site is optimized with the Yoast SEO plugin v21.5 - https:\/\/yoast.com\/wordpress\/plugins\/seo\/ -->\n<title>Contact &#8226; ST. Nicolaus<\/title>\n<meta name=\"robots\" content=\"index, follow, max-snippet:-1, max-image-preview:large, max-video-preview:-1\" \/>\n<link rel=\"canonical\" href=\"https:\/\/www.nicolaus.sk\/en\/contact\/\" \/>\n<meta property=\"og:locale\" content=\"en_US\" \/>\n<meta property=\"og:type\" content=\"article\" \/>\n<meta property=\"og:title\" content=\"Contact &#8226; ST. Nicolaus\" \/>\n<meta property=\"og:url\" content=\"https:\/\/www.nicolaus.sk\/en\/contact\/\" \/>\n<meta property=\"og:site_name\" content=\"ST. Nicolaus\" \/>\n<meta property=\"article:modified_time\" content=\"2025-08-21T13:54:06+00:00\" \/>\n<meta name=\"twitter:card\" content=\"summary_large_image\" \/>\n<script type=\"application\/ld+json\" class=\"yoast-schema-graph\">{\"@context\":\"https:\/\/schema.org\",\"@graph\":[{\"@type\":\"WebPage\",\"@id\":\"https:\/\/www.nicolaus.sk\/en\/contact\/\",\"url\":\"https:\/\/www.nicolaus.sk\/en\/contact\/\",\"name\":\"Contact &#8226; ST. Nicolaus\",\"isPartOf\":{\"@id\":\"https:\/\/www.nicolaus.sk\/en\/#website\"},\"datePublished\":\"2022-03-17T15:04:37+00:00\",\"dateModified\":\"2025-08-21T13:54:06+00:00\",\"breadcrumb\":{\"@id\":\"https:\/\/www.nicolaus.sk\/en\/contact\/#breadcrumb\"},\"inLanguage\":\"en-US\",\"potentialAction\":[{\"@type\":\"ReadAction\",\"target\":[\"https:\/\/www.nicolaus.sk\/en\/contact\/\"]}]},{\"@type\":\"BreadcrumbList\",\"@id\":\"https:\/\/www.nicolaus.sk\/en\/contact\/#breadcrumb\",\"itemListElement\":[{\"@type\":\"ListItem\",\"position\":1,\"name\":\"Domovsk\u00e1 str\u00e1nka\",\"item\":\"https:\/\/www.nicolaus.sk\/en\/\"},{\"@type\":\"ListItem\",\"position\":2,\"name\":\"Contact\"}]},{\"@type\":\"WebSite\",\"@id\":\"https:\/\/www.nicolaus.sk\/en\/#website\",\"url\":\"https:\/\/www.nicolaus.sk\/en\/\",\"name\":\"ST. Nicolaus\",\"description\":\"\",\"publisher\":{\"@id\":\"https:\/\/www.nicolaus.sk\/en\/#organization\"},\"potentialAction\":[{\"@type\":\"SearchAction\",\"target\":{\"@type\":\"EntryPoint\",\"urlTemplate\":\"https:\/\/www.nicolaus.sk\/en\/?s={search_term_string}\"},\"query-input\":\"required name=search_term_string\"}],\"inLanguage\":\"en-US\"},{\"@type\":\"Organization\",\"@id\":\"https:\/\/www.nicolaus.sk\/en\/#organization\",\"name\":\"ST. NICOLAUS \u2013 trade, a.s.\",\"url\":\"https:\/\/www.nicolaus.sk\/en\/\",\"logo\":{\"@type\":\"ImageObject\",\"inLanguage\":\"en-US\",\"@id\":\"https:\/\/www.nicolaus.sk\/en\/#\/schema\/logo\/image\/\",\"url\":\"https:\/\/www.nicolaus.sk\/wp-content\/uploads\/2021\/09\/logo@2x.png\",\"contentUrl\":\"https:\/\/www.nicolaus.sk\/wp-content\/uploads\/2021\/09\/logo@2x.png\",\"width\":511,\"height\":140,\"caption\":\"ST. NICOLAUS \u2013 trade, a.s.\"},\"image\":{\"@id\":\"https:\/\/www.nicolaus.sk\/en\/#\/schema\/logo\/image\/\"}}]}<\/script>\n<!-- \/ Yoast SEO plugin. -->","yoast_head_json":{"title":"Contact &#8226; ST. Nicolaus","robots":{"index":"index","follow":"follow","max-snippet":"max-snippet:-1","max-image-preview":"max-image-preview:large","max-video-preview":"max-video-preview:-1"},"canonical":"https:\/\/www.nicolaus.sk\/en\/contact\/","og_locale":"en_US","og_type":"article","og_title":"Contact &#8226; ST. Nicolaus","og_url":"https:\/\/www.nicolaus.sk\/en\/contact\/","og_site_name":"ST. Nicolaus","article_modified_time":"2025-08-21T13:54:06+00:00","twitter_card":"summary_large_image","schema":{"@context":"https:\/\/schema.org","@graph":[{"@type":"WebPage","@id":"https:\/\/www.nicolaus.sk\/en\/contact\/","url":"https:\/\/www.nicolaus.sk\/en\/contact\/","name":"Contact &#8226; ST. Nicolaus","isPartOf":{"@id":"https:\/\/www.nicolaus.sk\/en\/#website"},"datePublished":"2022-03-17T15:04:37+00:00","dateModified":"2025-08-21T13:54:06+00:00","breadcrumb":{"@id":"https:\/\/www.nicolaus.sk\/en\/contact\/#breadcrumb"},"inLanguage":"en-US","potentialAction":[{"@type":"ReadAction","target":["https:\/\/www.nicolaus.sk\/en\/contact\/"]}]},{"@type":"BreadcrumbList","@id":"https:\/\/www.nicolaus.sk\/en\/contact\/#breadcrumb","itemListElement":[{"@type":"ListItem","position":1,"name":"Domovsk\u00e1 str\u00e1nka","item":"https:\/\/www.nicolaus.sk\/en\/"},{"@type":"ListItem","position":2,"name":"Contact"}]},{"@type":"WebSite","@id":"https:\/\/www.nicolaus.sk\/en\/#website","url":"https:\/\/www.nicolaus.sk\/en\/","name":"ST. Nicolaus","description":"","publisher":{"@id":"https:\/\/www.nicolaus.sk\/en\/#organization"},"potentialAction":[{"@type":"SearchAction","target":{"@type":"EntryPoint","urlTemplate":"https:\/\/www.nicolaus.sk\/en\/?s={search_term_string}"},"query-input":"required name=search_term_string"}],"inLanguage":"en-US"},{"@type":"Organization","@id":"https:\/\/www.nicolaus.sk\/en\/#organization","name":"ST. NICOLAUS \u2013 trade, a.s.","url":"https:\/\/www.nicolaus.sk\/en\/","logo":{"@type":"ImageObject","inLanguage":"en-US","@id":"https:\/\/www.nicolaus.sk\/en\/#\/schema\/logo\/image\/","url":"https:\/\/www.nicolaus.sk\/wp-content\/uploads\/2021\/09\/logo@2x.png","contentUrl":"https:\/\/www.nicolaus.sk\/wp-content\/uploads\/2021\/09\/logo@2x.png","width":511,"height":140,"caption":"ST. NICOLAUS \u2013 trade, a.s."},"image":{"@id":"https:\/\/www.nicolaus.sk\/en\/#\/schema\/logo\/image\/"}}]}},"_links":{"self":[{"href":"https:\/\/www.nicolaus.sk\/en\/wp-json\/wp\/v2\/pages\/10021"}],"collection":[{"href":"https:\/\/www.nicolaus.sk\/en\/wp-json\/wp\/v2\/pages"}],"about":[{"href":"https:\/\/www.nicolaus.sk\/en\/wp-json\/wp\/v2\/types\/page"}],"author":[{"embeddable":true,"href":"https:\/\/www.nicolaus.sk\/en\/wp-json\/wp\/v2\/users\/4"}],"replies":[{"embeddable":true,"href":"https:\/\/www.nicolaus.sk\/en\/wp-json\/wp\/v2\/comments?post=10021"}],"version-history":[{"count":12,"href":"https:\/\/www.nicolaus.sk\/en\/wp-json\/wp\/v2\/pages\/10021\/revisions"}],"predecessor-version":[{"id":15296,"href":"https:\/\/www.nicolaus.sk\/en\/wp-json\/wp\/v2\/pages\/10021\/revisions\/15296"}],"wp:attachment":[{"href":"https:\/\/www.nicolaus.sk\/en\/wp-json\/wp\/v2\/media?parent=10021"}],"curies":[{"name":"wp","href":"https:\/\/api.w.org\/{rel}","templated":true}]}}