{"id":10022,"date":"2022-03-17T16:06:04","date_gmt":"2022-03-17T15:06:04","guid":{"rendered":"https:\/\/www.nicolaus.sk\/?page_id=10022"},"modified":"2023-02-15T09:42:18","modified_gmt":"2023-02-15T08:42:18","slug":"careers","status":"publish","type":"page","link":"https:\/\/www.nicolaus.sk\/en\/careers\/","title":{"rendered":"Careers"},"content":{"rendered":"<header class=\"header-plain\">\r\n    <section class=\"section-breadcrumbs\">\r\n    <div class=\"container\">\r\n        <ul class=\"breadcrumb\">\r\n            <li><a href=\"https:\/\/www.nicolaus.sk\/en\/\">Home page<\/a><\/li>\r\n                            <li><a href=\"https:\/\/www.nicolaus.sk\/en\/careers\/\">Careers<\/a><\/li>\r\n                    <\/ul>\r\n    <\/div>\r\n<\/section>    <div class=\"container\">\r\n        <div class=\"row\">\r\n            <div class=\"col\">\r\n                <div class=\"text-center\">\r\n                                        <h1 class=\"font-weight-normal\">What is it like to work in ST. NICOLAUS? <\/h1>\r\n                <\/div>\r\n            <\/div>\r\n        <\/div>\r\n    <\/div>\r\n<\/header>\r\n\n\n<section class=\"section-career-review\" id=\"career-review\">\r\n\r\n    <div class=\"bg\">\r\n                <img\r\n            src=\"https:\/\/www.nicolaus.sk\/wp-content\/uploads\/2021\/09\/career-review-bg@2x-386x781.png\"\r\n            srcset=\"https:\/\/www.nicolaus.sk\/wp-content\/uploads\/2021\/09\/career-review-bg@2x-386x781.png 1x, https:\/\/www.nicolaus.sk\/wp-content\/uploads\/2021\/09\/career-review-bg@2x-772x1561.png 2x\"\r\n            alt=\"ST. Nicolaus\">\r\n    <\/div>\r\n    \r\n    <div class=\"container\">\r\n\r\n        \r\n        <div class=\"swiper-container swiper-career-review\">\r\n            <div class=\"swiper-wrapper\">\r\n                                        <div class=\"swiper-slide\">\r\n                            <div class=\"item\">\r\n                                <div class=\"photo\">\r\n                                    <img\r\n                                        src=\"https:\/\/www.nicolaus.sk\/wp-content\/uploads\/2022\/01\/zuzka-strizova-162x162.jpg\"\r\n                                        srcset=\"https:\/\/www.nicolaus.sk\/wp-content\/uploads\/2022\/01\/zuzka-strizova-162x162.jpg 1x, https:\/\/www.nicolaus.sk\/wp-content\/uploads\/2022\/01\/zuzka-strizova-324x324.jpg 2x\"\r\n                                        alt=\"zuzka strizova\">\r\n                                <\/div>\r\n                                <div class=\"content\">\r\n                                    <div class=\"desc\">\r\n                                        \u201eST. NICOLAUS gives me room to grow in my career and move things forward. It&#8217;s a company where ideas and dreams become reality. A culture of open corporate communication helps us achieve our goals and continuously innovate and improve. From the first day I felt that there was a very pleasant work atmosphere and good working relations based on mutual trust, long experience and respect.  But the most important thing for me is that \u2018can&#8217;t\u2019 has no place in our company. Everything we do at ST. NICOLAUS we do it with heart. \u201d\r\n                                    <\/div>\r\n                                    <div class=\"name\">\r\n                                        <b>Zuzana Str\u00ed\u017eov\u00e1<\/b> <br>\r\n                                        Senior Brand Manager                                    <\/div>\r\n                                <\/div>\r\n                            <\/div>\r\n                        <\/div>\r\n                                            <div class=\"swiper-slide\">\r\n                            <div class=\"item\">\r\n                                <div class=\"photo\">\r\n                                    <img\r\n                                        src=\"https:\/\/www.nicolaus.sk\/wp-content\/uploads\/2022\/01\/janka-Erhardt-162x162.jpg\"\r\n                                        srcset=\"https:\/\/www.nicolaus.sk\/wp-content\/uploads\/2022\/01\/janka-Erhardt-162x162.jpg 1x, https:\/\/www.nicolaus.sk\/wp-content\/uploads\/2022\/01\/janka-Erhardt-324x324.jpg 2x\"\r\n                                        alt=\"janka Erhardt\">\r\n                                <\/div>\r\n                                <div class=\"content\">\r\n                                    <div class=\"desc\">\r\n                                        \u201eI have been working at the ST. NICOLAUS company for a very long time, which I\u2019m very happy about, as it is a thriving company that everyday offers new challenges, which my colleagues and I try to solve. The bonus is a stable social background and a very good team, which makes me look forward to work every day.\u201d\r\n                                    <\/div>\r\n                                    <div class=\"name\">\r\n                                        <b>Janka Erhardtov\u00e1<\/b> <br>\r\n                                        Production Administrator                                    <\/div>\r\n                                <\/div>\r\n                            <\/div>\r\n                        <\/div>\r\n                                            <div class=\"swiper-slide\">\r\n                            <div class=\"item\">\r\n                                <div class=\"photo\">\r\n                                    <img\r\n                                        src=\"https:\/\/www.nicolaus.sk\/wp-content\/uploads\/2022\/01\/tomas-sopka-162x162.jpg\"\r\n                                        srcset=\"https:\/\/www.nicolaus.sk\/wp-content\/uploads\/2022\/01\/tomas-sopka-162x162.jpg 1x, https:\/\/www.nicolaus.sk\/wp-content\/uploads\/2022\/01\/tomas-sopka-324x324.jpg 2x\"\r\n                                        alt=\"Tom\u00e1\u0161 sopka\">\r\n                                <\/div>\r\n                                <div class=\"content\">\r\n                                    <div class=\"desc\">\r\n                                        \u201e ST NICOLAUS is a \u2018second home\u2019 for me, where I grew from a temporary worker during my school days to the position of a sales representative. All the time it provided me with security, a great job position, new opportunities, a great team, the opportunity to grow professionally and acquire new knowledge from the world of business.\u201d\r\n                                    <\/div>\r\n                                    <div class=\"name\">\r\n                                        <b>Tom\u00e1\u0161 Sopka<\/b> <br>\r\n                                        Sales Representative                                    <\/div>\r\n                                <\/div>\r\n                            <\/div>\r\n                        <\/div>\r\n                                <\/div>\r\n            <div class=\"swiper-pagination d-flex d-lg-none v2\"><\/div>\r\n            <div class=\"swiper-button swiper-button-prev d-none d-lg-flex\"><i class=\"icon-arrow-left\"><\/i><\/div>\r\n            <div class=\"swiper-button swiper-button-next d-none d-lg-flex\"><i class=\"icon-arrow-right\"><\/i><\/div>\r\n        <\/div>\r\n\r\n    <\/div>\r\n\r\n    <div class=\"arrow-scroll-container\">\r\n    <a href=\"#career-list\" class=\"arrow-scroll \">\r\n        <i class=\"icon-arrow-left\"><\/i>\r\n        Continue to job offers     <\/a>\r\n<\/div>    \r\n<\/section>","protected":false},"excerpt":{"rendered":"","protected":false},"author":4,"featured_media":0,"parent":0,"menu_order":4,"comment_status":"closed","ping_status":"closed","template":"templates\/career.php","meta":{"inline_featured_image":false,"footnotes":""},"acf":[],"yoast_head":"<!-- This site is optimized with the Yoast SEO plugin v21.5 - https:\/\/yoast.com\/wordpress\/plugins\/seo\/ -->\n<title>Careers &#8226; ST. Nicolaus<\/title>\n<meta name=\"robots\" content=\"index, follow, max-snippet:-1, max-image-preview:large, max-video-preview:-1\" \/>\n<link rel=\"canonical\" href=\"https:\/\/www.nicolaus.sk\/en\/careers\/\" \/>\n<meta property=\"og:locale\" content=\"en_US\" \/>\n<meta property=\"og:type\" content=\"article\" \/>\n<meta property=\"og:title\" content=\"Careers &#8226; ST. Nicolaus\" \/>\n<meta property=\"og:url\" content=\"https:\/\/www.nicolaus.sk\/en\/careers\/\" \/>\n<meta property=\"og:site_name\" content=\"ST. Nicolaus\" \/>\n<meta property=\"article:modified_time\" content=\"2023-02-15T08:42:18+00:00\" \/>\n<meta name=\"twitter:card\" content=\"summary_large_image\" \/>\n<script type=\"application\/ld+json\" class=\"yoast-schema-graph\">{\"@context\":\"https:\/\/schema.org\",\"@graph\":[{\"@type\":\"WebPage\",\"@id\":\"https:\/\/www.nicolaus.sk\/en\/careers\/\",\"url\":\"https:\/\/www.nicolaus.sk\/en\/careers\/\",\"name\":\"Careers &#8226; ST. Nicolaus\",\"isPartOf\":{\"@id\":\"https:\/\/www.nicolaus.sk\/en\/#website\"},\"datePublished\":\"2022-03-17T15:06:04+00:00\",\"dateModified\":\"2023-02-15T08:42:18+00:00\",\"breadcrumb\":{\"@id\":\"https:\/\/www.nicolaus.sk\/en\/careers\/#breadcrumb\"},\"inLanguage\":\"en-US\",\"potentialAction\":[{\"@type\":\"ReadAction\",\"target\":[\"https:\/\/www.nicolaus.sk\/en\/careers\/\"]}]},{\"@type\":\"BreadcrumbList\",\"@id\":\"https:\/\/www.nicolaus.sk\/en\/careers\/#breadcrumb\",\"itemListElement\":[{\"@type\":\"ListItem\",\"position\":1,\"name\":\"Domovsk\u00e1 str\u00e1nka\",\"item\":\"https:\/\/www.nicolaus.sk\/en\/\"},{\"@type\":\"ListItem\",\"position\":2,\"name\":\"Careers\"}]},{\"@type\":\"WebSite\",\"@id\":\"https:\/\/www.nicolaus.sk\/en\/#website\",\"url\":\"https:\/\/www.nicolaus.sk\/en\/\",\"name\":\"ST. Nicolaus\",\"description\":\"\",\"publisher\":{\"@id\":\"https:\/\/www.nicolaus.sk\/en\/#organization\"},\"potentialAction\":[{\"@type\":\"SearchAction\",\"target\":{\"@type\":\"EntryPoint\",\"urlTemplate\":\"https:\/\/www.nicolaus.sk\/en\/?s={search_term_string}\"},\"query-input\":\"required name=search_term_string\"}],\"inLanguage\":\"en-US\"},{\"@type\":\"Organization\",\"@id\":\"https:\/\/www.nicolaus.sk\/en\/#organization\",\"name\":\"ST. NICOLAUS \u2013 trade, a.s.\",\"url\":\"https:\/\/www.nicolaus.sk\/en\/\",\"logo\":{\"@type\":\"ImageObject\",\"inLanguage\":\"en-US\",\"@id\":\"https:\/\/www.nicolaus.sk\/en\/#\/schema\/logo\/image\/\",\"url\":\"https:\/\/www.nicolaus.sk\/wp-content\/uploads\/2021\/09\/logo@2x.png\",\"contentUrl\":\"https:\/\/www.nicolaus.sk\/wp-content\/uploads\/2021\/09\/logo@2x.png\",\"width\":511,\"height\":140,\"caption\":\"ST. NICOLAUS \u2013 trade, a.s.\"},\"image\":{\"@id\":\"https:\/\/www.nicolaus.sk\/en\/#\/schema\/logo\/image\/\"}}]}<\/script>\n<!-- \/ Yoast SEO plugin. -->","yoast_head_json":{"title":"Careers &#8226; ST. Nicolaus","robots":{"index":"index","follow":"follow","max-snippet":"max-snippet:-1","max-image-preview":"max-image-preview:large","max-video-preview":"max-video-preview:-1"},"canonical":"https:\/\/www.nicolaus.sk\/en\/careers\/","og_locale":"en_US","og_type":"article","og_title":"Careers &#8226; ST. Nicolaus","og_url":"https:\/\/www.nicolaus.sk\/en\/careers\/","og_site_name":"ST. Nicolaus","article_modified_time":"2023-02-15T08:42:18+00:00","twitter_card":"summary_large_image","schema":{"@context":"https:\/\/schema.org","@graph":[{"@type":"WebPage","@id":"https:\/\/www.nicolaus.sk\/en\/careers\/","url":"https:\/\/www.nicolaus.sk\/en\/careers\/","name":"Careers &#8226; ST. Nicolaus","isPartOf":{"@id":"https:\/\/www.nicolaus.sk\/en\/#website"},"datePublished":"2022-03-17T15:06:04+00:00","dateModified":"2023-02-15T08:42:18+00:00","breadcrumb":{"@id":"https:\/\/www.nicolaus.sk\/en\/careers\/#breadcrumb"},"inLanguage":"en-US","potentialAction":[{"@type":"ReadAction","target":["https:\/\/www.nicolaus.sk\/en\/careers\/"]}]},{"@type":"BreadcrumbList","@id":"https:\/\/www.nicolaus.sk\/en\/careers\/#breadcrumb","itemListElement":[{"@type":"ListItem","position":1,"name":"Domovsk\u00e1 str\u00e1nka","item":"https:\/\/www.nicolaus.sk\/en\/"},{"@type":"ListItem","position":2,"name":"Careers"}]},{"@type":"WebSite","@id":"https:\/\/www.nicolaus.sk\/en\/#website","url":"https:\/\/www.nicolaus.sk\/en\/","name":"ST. Nicolaus","description":"","publisher":{"@id":"https:\/\/www.nicolaus.sk\/en\/#organization"},"potentialAction":[{"@type":"SearchAction","target":{"@type":"EntryPoint","urlTemplate":"https:\/\/www.nicolaus.sk\/en\/?s={search_term_string}"},"query-input":"required name=search_term_string"}],"inLanguage":"en-US"},{"@type":"Organization","@id":"https:\/\/www.nicolaus.sk\/en\/#organization","name":"ST. NICOLAUS \u2013 trade, a.s.","url":"https:\/\/www.nicolaus.sk\/en\/","logo":{"@type":"ImageObject","inLanguage":"en-US","@id":"https:\/\/www.nicolaus.sk\/en\/#\/schema\/logo\/image\/","url":"https:\/\/www.nicolaus.sk\/wp-content\/uploads\/2021\/09\/logo@2x.png","contentUrl":"https:\/\/www.nicolaus.sk\/wp-content\/uploads\/2021\/09\/logo@2x.png","width":511,"height":140,"caption":"ST. NICOLAUS \u2013 trade, a.s."},"image":{"@id":"https:\/\/www.nicolaus.sk\/en\/#\/schema\/logo\/image\/"}}]}},"_links":{"self":[{"href":"https:\/\/www.nicolaus.sk\/en\/wp-json\/wp\/v2\/pages\/10022"}],"collection":[{"href":"https:\/\/www.nicolaus.sk\/en\/wp-json\/wp\/v2\/pages"}],"about":[{"href":"https:\/\/www.nicolaus.sk\/en\/wp-json\/wp\/v2\/types\/page"}],"author":[{"embeddable":true,"href":"https:\/\/www.nicolaus.sk\/en\/wp-json\/wp\/v2\/users\/4"}],"replies":[{"embeddable":true,"href":"https:\/\/www.nicolaus.sk\/en\/wp-json\/wp\/v2\/comments?post=10022"}],"version-history":[{"count":11,"href":"https:\/\/www.nicolaus.sk\/en\/wp-json\/wp\/v2\/pages\/10022\/revisions"}],"predecessor-version":[{"id":11974,"href":"https:\/\/www.nicolaus.sk\/en\/wp-json\/wp\/v2\/pages\/10022\/revisions\/11974"}],"wp:attachment":[{"href":"https:\/\/www.nicolaus.sk\/en\/wp-json\/wp\/v2\/media?parent=10022"}],"curies":[{"name":"wp","href":"https:\/\/api.w.org\/{rel}","templated":true}]}}