{"id":13711,"date":"2024-01-15T14:48:45","date_gmt":"2024-01-15T13:48:45","guid":{"rendered":"https:\/\/www.nicolaus.sk\/?post_type=product&#038;p=13711"},"modified":"2024-01-15T14:48:46","modified_gmt":"2024-01-15T13:48:46","slug":"bolivar","status":"publish","type":"product","link":"https:\/\/www.nicolaus.sk\/en\/produkt\/bolivar\/","title":{"rendered":"Bolivar"},"content":{"rendered":"<header class=\"product dark\">\r\n\r\n            <img\r\n            class=\"bg\"\r\n            src=\"https:\/\/www.nicolaus.sk\/wp-content\/uploads\/2024\/01\/bolivar-podklad-1388x781.jpg\"\r\n            srcset=\"https:\/\/www.nicolaus.sk\/wp-content\/uploads\/2024\/01\/bolivar-podklad-1388x781.jpg 1x, https:\/\/www.nicolaus.sk\/wp-content\/uploads\/2024\/01\/bolivar-podklad.jpg 2x\"\r\n            alt=\"\">\r\n    \r\n    <div class=\"content\">\r\n        <div class=\"container\">\r\n            <div class=\"row\">\r\n                <div class=\"col-lg-6\">\r\n\r\n                    <section class=\"section-breadcrumbs\">\r\n    <div class=\"container\">\r\n        <ul class=\"breadcrumb\">\r\n            <li><a href=\"https:\/\/www.nicolaus.sk\/en\/\">Home page<\/a><\/li>\r\n                            <li><a href=\"https:\/\/www.nicolaus.sk\/en\/produkt\/bolivar\/\">Bolivar<\/a><\/li>\r\n                    <\/ul>\r\n    <\/div>\r\n<\/section>\r\n                    <div class=\"inner\">\r\n                        <div class=\"brand-content\">\r\n                                                        <div>\r\n                                <h1>Bolivar<\/h1>\r\n                                                            <\/div>\r\n                        <\/div>\r\n                                                    <p>\r\n                                Rum Bolivar is named after Sim\u00f3n Bol\u00edvar, who is also known as &#8220;Venezuela&#8217;s liberator and hero&#8221;. The rum is distilled using a Column Still from premium local sugar cane, which gives it a real tropical touch. Maturation is through a tropical aging method that intensifies the interaction between rum and wood.                             <\/p>\r\n                                                <div class=\"d-block d-lg-none position-relative\">\r\n                                                            <div class=\"image img-center\">\r\n                                    <img\r\n                                        src=\"https:\/\/www.nicolaus.sk\/wp-content\/uploads\/2024\/01\/uvodny-slider-Bolivar-549x640.png\"\r\n                                        srcset=\"https:\/\/www.nicolaus.sk\/wp-content\/uploads\/2024\/01\/uvodny-slider-Bolivar-549x640.png 1x, https:\/\/www.nicolaus.sk\/wp-content\/uploads\/2024\/01\/uvodny-slider-Bolivar.png 2x\"\r\n                                        alt=\"\">\r\n                                <\/div>\r\n                            \r\n                                                    <\/div>\r\n                                                    <div class=\"action-social\">\r\n                                                                    <div class=\"action\">\r\n                                                <a class=\"btn btn-secondary\" href=\"https:\/\/www.drinkexpert.sk\/bolivar-rum-40-0-7l-804\" target=\"_self\">Shop<\/a>\r\n                                        <\/div>\r\n                                                                                            <\/div>\r\n                                            <\/div>\r\n                <\/div>\r\n                <div class=\"col-lg-6 d-none d-lg-block position-relative\">\r\n                                        <div class=\"image img-center\">\r\n                        <img\r\n                            src=\"https:\/\/www.nicolaus.sk\/wp-content\/uploads\/2024\/01\/uvodny-slider-Bolivar-549x640.png\"\r\n                            alt=\"\">\r\n                    <\/div>\r\n\r\n                                    <\/div>\r\n            <\/div>\r\n        <\/div>\r\n    <\/div>\r\n\r\n<\/header>\n\n<section class=\"section-products overflow-visible p-0 on-top light\">\r\n    <div class=\"container\">\r\n        \r\n    <div class=\"big\">\r\n        <div class=\"item-products big\">\r\n            <div class=\"row align-items-center\">\r\n                <div class=\"col-lg-6\">\r\n                    <div class=\"d-block d-lg-none\">\r\n                        <h2>Bolivar 40 %<\/h2>\r\n                    <\/div>\r\n                    <div class=\"image\">\r\n                        <img\r\n                            src=\"https:\/\/www.nicolaus.sk\/wp-content\/uploads\/2024\/01\/produkty-Bolivar.png\"\r\n                            srcset=\"https:\/\/www.nicolaus.sk\/wp-content\/uploads\/2024\/01\/produkty-Bolivar.png 1x, https:\/\/www.nicolaus.sk\/wp-content\/uploads\/2024\/01\/produkty-Bolivar.png 2x\"\r\n                            alt=\"\">\r\n                                                                    <\/div>\r\n                                    <\/div>\r\n                <div class=\"col-lg-6\">\r\n                    <div class=\"content\">\r\n                        <div class=\"d-none d-lg-block\">\r\n                            <h2>Bolivar 40 %<\/h2>\r\n                        <\/div>\r\n                        <div class=\"desc\">\r\n                            0,7 l ~ 40 %                        <\/div>\r\n                        <p>\r\n                            Rum Bolivar is named after Sim\u00f3n Bol\u00edvar, who is also known as &#8220;Venezuela&#8217;s liberator and hero&#8221;. The rum is distilled using a Column Still from premium local sugar cane, which gives it a real tropical touch. Maturation is through a tropical aging method that intensifies the interaction between rum and wood. <br \/>\r\nAfter maturation, cocoa and vanilla distillates are added to the rum to achieve a balanced and delicate taste. <br \/>\r\nColour: amber with orange-red reflections<br \/>\r\nAroma: cocoa, pralines, wood, spices, fruit, cinnamon, blueberries, nuts<br \/>\r\nTaste: slightly sweet, red fruit, wood, spice, vanilla <br \/>\r\nFinish: medium-long, soft, bitter-sweet, fig, almond                         <\/p>\r\n                        <div class=\"action\">\r\n                                    <a class=\"btn btn-outline-secondary\" href=\"https:\/\/www.drinkexpert.sk\/bolivar-rum-40-0-7l-804\" target=\"_self\">Shop<\/a>\r\n                            <\/div>\r\n                    <\/div>\r\n                <\/div>\r\n            <\/div>\r\n        <\/div>\r\n    <\/div>\r\n\r\n    <\/div>\r\n<\/section>\n\n\n\n\n\n    <section class=\"section-products \" >\r\n        <div class=\"container\">\r\n            <div class=\"text-center\">\r\n                <h2><a href=\"#\"><\/a><\/h2>\r\n            <\/div>\r\n        <\/div>\r\n        <div class=\"section-swiper\">\r\n            <div class=\"container\">\r\n                <div class=\"swiper-container swiper-products\">\r\n                    <div class=\"swiper-wrapper\">\r\n                                                    <div class=\"swiper-slide col-lg-3\">\r\n                                <a href=\"https:\/\/www.nicolaus.sk\/en\/produkt\/bolivar\/\" class=\"item-products\">\r\n                                    <div class=\"image\">\r\n                                        <img loading=\"lazy\" width=\"268\" height=\"270\" src=\"https:\/\/www.nicolaus.sk\/wp-content\/uploads\/2024\/01\/ilustracny-obr-Bolivar.png\" class=\"attachment-product size-product wp-post-image\" alt=\"\" decoding=\"async\" srcset=\"https:\/\/www.nicolaus.sk\/wp-content\/uploads\/2024\/01\/ilustracny-obr-Bolivar.png 268w, https:\/\/www.nicolaus.sk\/wp-content\/uploads\/2024\/01\/ilustracny-obr-Bolivar-150x150.png 150w, https:\/\/www.nicolaus.sk\/wp-content\/uploads\/2024\/01\/ilustracny-obr-Bolivar-190x191.png 190w, https:\/\/www.nicolaus.sk\/wp-content\/uploads\/2024\/01\/ilustracny-obr-Bolivar-162x162.png 162w, https:\/\/www.nicolaus.sk\/wp-content\/uploads\/2024\/01\/ilustracny-obr-Bolivar-70x70.png 70w, https:\/\/www.nicolaus.sk\/wp-content\/uploads\/2024\/01\/ilustracny-obr-Bolivar-140x140.png 140w, https:\/\/www.nicolaus.sk\/wp-content\/uploads\/2024\/01\/ilustracny-obr-Bolivar-205x207.png 205w\" sizes=\"(max-width: 268px) 100vw, 268px\" \/>                                                                                <div class=\"bg none\">\r\n                                                                                    <\/div>\r\n                                    <\/div>\r\n                                    <div class=\"name\"><\/div>\r\n                                <\/a>\r\n                            <\/div>\r\n                                                    <div class=\"swiper-slide col-lg-3\">\r\n                                <a href=\"https:\/\/www.nicolaus.sk\/en\/produkt\/professorado\/\" class=\"item-products hover-anim-brand\">\r\n                                    <div class=\"image\">\r\n                                        <img loading=\"lazy\" width=\"268\" height=\"270\" src=\"https:\/\/www.nicolaus.sk\/wp-content\/uploads\/2021\/09\/ilustracny-obr-professorado2.png\" class=\"attachment-product size-product wp-post-image\" alt=\"\" decoding=\"async\" srcset=\"https:\/\/www.nicolaus.sk\/wp-content\/uploads\/2021\/09\/ilustracny-obr-professorado2.png 268w, https:\/\/www.nicolaus.sk\/wp-content\/uploads\/2021\/09\/ilustracny-obr-professorado2-150x150.png 150w, https:\/\/www.nicolaus.sk\/wp-content\/uploads\/2021\/09\/ilustracny-obr-professorado2-190x191.png 190w, https:\/\/www.nicolaus.sk\/wp-content\/uploads\/2021\/09\/ilustracny-obr-professorado2-162x162.png 162w, https:\/\/www.nicolaus.sk\/wp-content\/uploads\/2021\/09\/ilustracny-obr-professorado2-70x70.png 70w, https:\/\/www.nicolaus.sk\/wp-content\/uploads\/2021\/09\/ilustracny-obr-professorado2-140x140.png 140w, https:\/\/www.nicolaus.sk\/wp-content\/uploads\/2021\/09\/ilustracny-obr-professorado2-205x207.png 205w\" sizes=\"(max-width: 268px) 100vw, 268px\" \/>                                                                                    <img\r\n                                                class=\"brand\"\r\n                                                src=\"https:\/\/www.nicolaus.sk\/wp-content\/uploads\/2021\/09\/logo-professorado-162x162.png\"\r\n                                                srcset=\"https:\/\/www.nicolaus.sk\/wp-content\/uploads\/2021\/09\/logo-professorado-162x162.png 1x, https:\/\/www.nicolaus.sk\/wp-content\/uploads\/2021\/09\/logo-professorado-324x324.png 2x\"\r\n                                                alt=\"\">\r\n                                                                                <div class=\"bg none\">\r\n                                                                                    <\/div>\r\n                                    <\/div>\r\n                                    <div class=\"name\">Professorado<\/div>\r\n                                <\/a>\r\n                            <\/div>\r\n                                                    <div class=\"swiper-slide col-lg-3\">\r\n                                <a href=\"https:\/\/www.nicolaus.sk\/en\/produkt\/ron-santiago-de-cuba\/\" class=\"item-products hover-anim-brand\">\r\n                                    <div class=\"image\">\r\n                                        <img loading=\"lazy\" width=\"268\" height=\"270\" src=\"https:\/\/www.nicolaus.sk\/wp-content\/uploads\/2021\/09\/ilustracny-obr-santiago.png\" class=\"attachment-product size-product wp-post-image\" alt=\"F\u013ea\u0161a Santiago de Cuba A\u0148ejo Superior 11 rum\" decoding=\"async\" srcset=\"https:\/\/www.nicolaus.sk\/wp-content\/uploads\/2021\/09\/ilustracny-obr-santiago.png 268w, https:\/\/www.nicolaus.sk\/wp-content\/uploads\/2021\/09\/ilustracny-obr-santiago-150x150.png 150w, https:\/\/www.nicolaus.sk\/wp-content\/uploads\/2021\/09\/ilustracny-obr-santiago-199x200.png 199w, https:\/\/www.nicolaus.sk\/wp-content\/uploads\/2021\/09\/ilustracny-obr-santiago-190x191.png 190w, https:\/\/www.nicolaus.sk\/wp-content\/uploads\/2021\/09\/ilustracny-obr-santiago-162x162.png 162w, https:\/\/www.nicolaus.sk\/wp-content\/uploads\/2021\/09\/ilustracny-obr-santiago-70x70.png 70w, https:\/\/www.nicolaus.sk\/wp-content\/uploads\/2021\/09\/ilustracny-obr-santiago-140x140.png 140w, https:\/\/www.nicolaus.sk\/wp-content\/uploads\/2021\/09\/ilustracny-obr-santiago-205x207.png 205w\" sizes=\"(max-width: 268px) 100vw, 268px\" \/>                                                                                    <img\r\n                                                class=\"brand\"\r\n                                                src=\"https:\/\/www.nicolaus.sk\/wp-content\/uploads\/2021\/09\/Ron-Santiago-de-Cuba.png\"\r\n                                                srcset=\"https:\/\/www.nicolaus.sk\/wp-content\/uploads\/2021\/09\/Ron-Santiago-de-Cuba.png 1x, https:\/\/www.nicolaus.sk\/wp-content\/uploads\/2021\/09\/Ron-Santiago-de-Cuba.png 2x\"\r\n                                                alt=\"ST. Nicolaus\">\r\n                                                                                <div class=\"bg none\">\r\n                                                                                    <\/div>\r\n                                    <\/div>\r\n                                    <div class=\"name\">Ron Santiago de Cuba<\/div>\r\n                                <\/a>\r\n                            <\/div>\r\n                                                    <div class=\"swiper-slide col-lg-3\">\r\n                                <a href=\"https:\/\/www.nicolaus.sk\/en\/produkt\/gibsons-gin\/\" class=\"item-products hover-anim-brand\">\r\n                                    <div class=\"image\">\r\n                                        <img loading=\"lazy\" width=\"268\" height=\"270\" src=\"https:\/\/www.nicolaus.sk\/wp-content\/uploads\/2021\/09\/gibson-gin-ilustracny.png\" class=\"attachment-product size-product wp-post-image\" alt=\"F\u013ea\u0161a gibson gin\" decoding=\"async\" srcset=\"https:\/\/www.nicolaus.sk\/wp-content\/uploads\/2021\/09\/gibson-gin-ilustracny.png 268w, https:\/\/www.nicolaus.sk\/wp-content\/uploads\/2021\/09\/gibson-gin-ilustracny-150x150.png 150w, https:\/\/www.nicolaus.sk\/wp-content\/uploads\/2021\/09\/gibson-gin-ilustracny-190x191.png 190w, https:\/\/www.nicolaus.sk\/wp-content\/uploads\/2021\/09\/gibson-gin-ilustracny-162x162.png 162w, https:\/\/www.nicolaus.sk\/wp-content\/uploads\/2021\/09\/gibson-gin-ilustracny-70x70.png 70w, https:\/\/www.nicolaus.sk\/wp-content\/uploads\/2021\/09\/gibson-gin-ilustracny-140x140.png 140w, https:\/\/www.nicolaus.sk\/wp-content\/uploads\/2021\/09\/gibson-gin-ilustracny-205x207.png 205w\" sizes=\"(max-width: 268px) 100vw, 268px\" \/>                                                                                    <img\r\n                                                class=\"brand\"\r\n                                                src=\"https:\/\/www.nicolaus.sk\/wp-content\/uploads\/2021\/09\/Gibsons.png\"\r\n                                                srcset=\"https:\/\/www.nicolaus.sk\/wp-content\/uploads\/2021\/09\/Gibsons.png 1x, https:\/\/www.nicolaus.sk\/wp-content\/uploads\/2021\/09\/Gibsons.png 2x\"\r\n                                                alt=\"ST. Nicolaus\">\r\n                                                                                <div class=\"bg none\">\r\n                                                                                    <\/div>\r\n                                    <\/div>\r\n                                    <div class=\"name\">Gibson\u00b4s Gin<\/div>\r\n                                <\/a>\r\n                            <\/div>\r\n                                                    <div class=\"swiper-slide col-lg-3\">\r\n                                <a href=\"https:\/\/www.nicolaus.sk\/en\/produkt\/gibsons-gin\/\" class=\"item-products hover-anim-brand\">\r\n                                    <div class=\"image\">\r\n                                        <img loading=\"lazy\" width=\"268\" height=\"270\" src=\"https:\/\/www.nicolaus.sk\/wp-content\/uploads\/2021\/09\/gibson-gin-ilustracny.png\" class=\"attachment-product size-product wp-post-image\" alt=\"F\u013ea\u0161a gibson gin\" decoding=\"async\" srcset=\"https:\/\/www.nicolaus.sk\/wp-content\/uploads\/2021\/09\/gibson-gin-ilustracny.png 268w, https:\/\/www.nicolaus.sk\/wp-content\/uploads\/2021\/09\/gibson-gin-ilustracny-150x150.png 150w, https:\/\/www.nicolaus.sk\/wp-content\/uploads\/2021\/09\/gibson-gin-ilustracny-190x191.png 190w, https:\/\/www.nicolaus.sk\/wp-content\/uploads\/2021\/09\/gibson-gin-ilustracny-162x162.png 162w, https:\/\/www.nicolaus.sk\/wp-content\/uploads\/2021\/09\/gibson-gin-ilustracny-70x70.png 70w, https:\/\/www.nicolaus.sk\/wp-content\/uploads\/2021\/09\/gibson-gin-ilustracny-140x140.png 140w, https:\/\/www.nicolaus.sk\/wp-content\/uploads\/2021\/09\/gibson-gin-ilustracny-205x207.png 205w\" sizes=\"(max-width: 268px) 100vw, 268px\" \/>                                                                                    <img\r\n                                                class=\"brand\"\r\n                                                src=\"https:\/\/www.nicolaus.sk\/wp-content\/uploads\/2021\/09\/Gibsons.png\"\r\n                                                srcset=\"https:\/\/www.nicolaus.sk\/wp-content\/uploads\/2021\/09\/Gibsons.png 1x, https:\/\/www.nicolaus.sk\/wp-content\/uploads\/2021\/09\/Gibsons.png 2x\"\r\n                                                alt=\"ST. Nicolaus\">\r\n                                                                                <div class=\"bg none\">\r\n                                                                                    <\/div>\r\n                                    <\/div>\r\n                                    <div class=\"name\">Gibson\u00b4s Gin<\/div>\r\n                                <\/a>\r\n                            <\/div>\r\n                                            <\/div>\r\n                    <div class=\"swiper-button swiper-button-prev d-none d-lg-flex\"><i class=\"icon-arrow-left\"><\/i><\/div>\r\n                    <div class=\"swiper-button swiper-button-next d-none d-lg-flex\"><i class=\"icon-arrow-right\"><\/i><\/div>\r\n                <\/div>\r\n            <\/div>\r\n        <\/div>\r\n        <div class=\"container\">\r\n            <div class=\"text-center\">\r\n                            <\/div>\r\n        <\/div>\r\n    <\/section>\r\n","protected":false},"featured_media":13585,"template":"","product-category":[],"acf":[],"yoast_head":"<!-- This site is optimized with the Yoast SEO plugin v21.5 - https:\/\/yoast.com\/wordpress\/plugins\/seo\/ -->\n<title>Bolivar &#8226; ST. Nicolaus<\/title>\n<meta name=\"robots\" content=\"index, follow, max-snippet:-1, max-image-preview:large, max-video-preview:-1\" \/>\n<link rel=\"canonical\" href=\"https:\/\/www.nicolaus.sk\/en\/produkt\/bolivar\/\" \/>\n<meta property=\"og:locale\" content=\"en_US\" \/>\n<meta property=\"og:type\" content=\"article\" \/>\n<meta property=\"og:title\" content=\"Bolivar &#8226; ST. Nicolaus\" \/>\n<meta property=\"og:url\" content=\"https:\/\/www.nicolaus.sk\/en\/produkt\/bolivar\/\" \/>\n<meta property=\"og:site_name\" content=\"ST. Nicolaus\" \/>\n<meta property=\"article:modified_time\" content=\"2024-01-15T13:48:46+00:00\" \/>\n<meta property=\"og:image\" content=\"https:\/\/www.nicolaus.sk\/wp-content\/uploads\/2024\/01\/ilustracny-obr-Bolivar.png\" \/>\n\t<meta property=\"og:image:width\" content=\"268\" \/>\n\t<meta property=\"og:image:height\" content=\"270\" \/>\n\t<meta property=\"og:image:type\" content=\"image\/png\" \/>\n<meta name=\"twitter:card\" content=\"summary_large_image\" \/>\n<script type=\"application\/ld+json\" class=\"yoast-schema-graph\">{\"@context\":\"https:\/\/schema.org\",\"@graph\":[{\"@type\":\"WebPage\",\"@id\":\"https:\/\/www.nicolaus.sk\/en\/produkt\/bolivar\/\",\"url\":\"https:\/\/www.nicolaus.sk\/en\/produkt\/bolivar\/\",\"name\":\"Bolivar &#8226; ST. Nicolaus\",\"isPartOf\":{\"@id\":\"https:\/\/www.nicolaus.sk\/en\/#website\"},\"datePublished\":\"2024-01-15T13:48:45+00:00\",\"dateModified\":\"2024-01-15T13:48:46+00:00\",\"breadcrumb\":{\"@id\":\"https:\/\/www.nicolaus.sk\/en\/produkt\/bolivar\/#breadcrumb\"},\"inLanguage\":\"en-US\",\"potentialAction\":[{\"@type\":\"ReadAction\",\"target\":[\"https:\/\/www.nicolaus.sk\/en\/produkt\/bolivar\/\"]}]},{\"@type\":\"BreadcrumbList\",\"@id\":\"https:\/\/www.nicolaus.sk\/en\/produkt\/bolivar\/#breadcrumb\",\"itemListElement\":[{\"@type\":\"ListItem\",\"position\":1,\"name\":\"Domovsk\u00e1 str\u00e1nka\",\"item\":\"https:\/\/www.nicolaus.sk\/en\/\"},{\"@type\":\"ListItem\",\"position\":2,\"name\":\"Bolivar\"}]},{\"@type\":\"WebSite\",\"@id\":\"https:\/\/www.nicolaus.sk\/en\/#website\",\"url\":\"https:\/\/www.nicolaus.sk\/en\/\",\"name\":\"ST. Nicolaus\",\"description\":\"\",\"publisher\":{\"@id\":\"https:\/\/www.nicolaus.sk\/en\/#organization\"},\"potentialAction\":[{\"@type\":\"SearchAction\",\"target\":{\"@type\":\"EntryPoint\",\"urlTemplate\":\"https:\/\/www.nicolaus.sk\/en\/?s={search_term_string}\"},\"query-input\":\"required name=search_term_string\"}],\"inLanguage\":\"en-US\"},{\"@type\":\"Organization\",\"@id\":\"https:\/\/www.nicolaus.sk\/en\/#organization\",\"name\":\"ST. NICOLAUS \u2013 trade, a.s.\",\"url\":\"https:\/\/www.nicolaus.sk\/en\/\",\"logo\":{\"@type\":\"ImageObject\",\"inLanguage\":\"en-US\",\"@id\":\"https:\/\/www.nicolaus.sk\/en\/#\/schema\/logo\/image\/\",\"url\":\"https:\/\/www.nicolaus.sk\/wp-content\/uploads\/2021\/09\/logo@2x.png\",\"contentUrl\":\"https:\/\/www.nicolaus.sk\/wp-content\/uploads\/2021\/09\/logo@2x.png\",\"width\":511,\"height\":140,\"caption\":\"ST. NICOLAUS \u2013 trade, a.s.\"},\"image\":{\"@id\":\"https:\/\/www.nicolaus.sk\/en\/#\/schema\/logo\/image\/\"}}]}<\/script>\n<!-- \/ Yoast SEO plugin. -->","yoast_head_json":{"title":"Bolivar &#8226; ST. Nicolaus","robots":{"index":"index","follow":"follow","max-snippet":"max-snippet:-1","max-image-preview":"max-image-preview:large","max-video-preview":"max-video-preview:-1"},"canonical":"https:\/\/www.nicolaus.sk\/en\/produkt\/bolivar\/","og_locale":"en_US","og_type":"article","og_title":"Bolivar &#8226; ST. Nicolaus","og_url":"https:\/\/www.nicolaus.sk\/en\/produkt\/bolivar\/","og_site_name":"ST. Nicolaus","article_modified_time":"2024-01-15T13:48:46+00:00","og_image":[{"width":268,"height":270,"url":"https:\/\/www.nicolaus.sk\/wp-content\/uploads\/2024\/01\/ilustracny-obr-Bolivar.png","type":"image\/png"}],"twitter_card":"summary_large_image","schema":{"@context":"https:\/\/schema.org","@graph":[{"@type":"WebPage","@id":"https:\/\/www.nicolaus.sk\/en\/produkt\/bolivar\/","url":"https:\/\/www.nicolaus.sk\/en\/produkt\/bolivar\/","name":"Bolivar &#8226; ST. Nicolaus","isPartOf":{"@id":"https:\/\/www.nicolaus.sk\/en\/#website"},"datePublished":"2024-01-15T13:48:45+00:00","dateModified":"2024-01-15T13:48:46+00:00","breadcrumb":{"@id":"https:\/\/www.nicolaus.sk\/en\/produkt\/bolivar\/#breadcrumb"},"inLanguage":"en-US","potentialAction":[{"@type":"ReadAction","target":["https:\/\/www.nicolaus.sk\/en\/produkt\/bolivar\/"]}]},{"@type":"BreadcrumbList","@id":"https:\/\/www.nicolaus.sk\/en\/produkt\/bolivar\/#breadcrumb","itemListElement":[{"@type":"ListItem","position":1,"name":"Domovsk\u00e1 str\u00e1nka","item":"https:\/\/www.nicolaus.sk\/en\/"},{"@type":"ListItem","position":2,"name":"Bolivar"}]},{"@type":"WebSite","@id":"https:\/\/www.nicolaus.sk\/en\/#website","url":"https:\/\/www.nicolaus.sk\/en\/","name":"ST. Nicolaus","description":"","publisher":{"@id":"https:\/\/www.nicolaus.sk\/en\/#organization"},"potentialAction":[{"@type":"SearchAction","target":{"@type":"EntryPoint","urlTemplate":"https:\/\/www.nicolaus.sk\/en\/?s={search_term_string}"},"query-input":"required name=search_term_string"}],"inLanguage":"en-US"},{"@type":"Organization","@id":"https:\/\/www.nicolaus.sk\/en\/#organization","name":"ST. NICOLAUS \u2013 trade, a.s.","url":"https:\/\/www.nicolaus.sk\/en\/","logo":{"@type":"ImageObject","inLanguage":"en-US","@id":"https:\/\/www.nicolaus.sk\/en\/#\/schema\/logo\/image\/","url":"https:\/\/www.nicolaus.sk\/wp-content\/uploads\/2021\/09\/logo@2x.png","contentUrl":"https:\/\/www.nicolaus.sk\/wp-content\/uploads\/2021\/09\/logo@2x.png","width":511,"height":140,"caption":"ST. NICOLAUS \u2013 trade, a.s."},"image":{"@id":"https:\/\/www.nicolaus.sk\/en\/#\/schema\/logo\/image\/"}}]}},"_links":{"self":[{"href":"https:\/\/www.nicolaus.sk\/en\/wp-json\/wp\/v2\/product\/13711"}],"collection":[{"href":"https:\/\/www.nicolaus.sk\/en\/wp-json\/wp\/v2\/product"}],"about":[{"href":"https:\/\/www.nicolaus.sk\/en\/wp-json\/wp\/v2\/types\/product"}],"version-history":[{"count":6,"href":"https:\/\/www.nicolaus.sk\/en\/wp-json\/wp\/v2\/product\/13711\/revisions"}],"predecessor-version":[{"id":13717,"href":"https:\/\/www.nicolaus.sk\/en\/wp-json\/wp\/v2\/product\/13711\/revisions\/13717"}],"wp:featuredmedia":[{"embeddable":true,"href":"https:\/\/www.nicolaus.sk\/en\/wp-json\/wp\/v2\/media\/13585"}],"wp:attachment":[{"href":"https:\/\/www.nicolaus.sk\/en\/wp-json\/wp\/v2\/media?parent=13711"}],"wp:term":[{"taxonomy":"product-category","embeddable":true,"href":"https:\/\/www.nicolaus.sk\/en\/wp-json\/wp\/v2\/product-category?post=13711"}],"curies":[{"name":"wp","href":"https:\/\/api.w.org\/{rel}","templated":true}]}}